{"id":2,"date":"2016-05-10T03:48:21","date_gmt":"2016-05-10T03:48:21","guid":{"rendered":"http:\/\/joshva.dk\/?page_id=2"},"modified":"2021-12-05T12:21:28","modified_gmt":"2021-12-05T12:21:28","slug":"sample-page","status":"publish","type":"page","link":"https:\/\/joshva.dk\/","title":{"rendered":"Velkommen til siden"},"content":{"rendered":"<div id=\"pl-2\"  class=\"panel-layout\" ><div id=\"pg-2-0\"  class=\"panel-grid panel-no-style\" ><div id=\"pgc-2-0-0\"  class=\"panel-grid-cell\" ><div id=\"panel-2-0-0-0\" class=\"so-panel widget widget_sow-editor panel-first-child panel-last-child\" data-index=\"0\" ><div\n\t\t\t\n\t\t\tclass=\"so-widget-sow-editor so-widget-sow-editor-base\"\n\t\t\t\n\t\t>\n<div class=\"siteorigin-widget-tinymce textwidget\">\n\t<p style=\"text-align: center;\">Velkommen til Joshva.dk<\/p>\n<p style=\"text-align: center;\">P\u00e5 dette site vil du kunne l\u00e6se lidt om hvem jeg er og hvad jeg har bedrevet.<\/p>\n<p style=\"text-align: center;\">Vel m\u00f8dt<\/p>\n<\/div>\n<\/div><\/div><\/div><\/div><\/div>","protected":false},"excerpt":{"rendered":"<p>Velkommen til Joshva.dk P\u00e5 dette site vil du kunne l\u00e6se lidt om hvem jeg er og hvad jeg har bedrevet. Vel m\u00f8dt<\/p>\n","protected":false},"author":1,"featured_media":0,"parent":0,"menu_order":0,"comment_status":"closed","ping_status":"open","template":"elementor_header_footer","meta":{"footnotes":""},"folder":[],"class_list":["post-2","page","type-page","status-publish","hentry"],"_links":{"self":[{"href":"https:\/\/joshva.dk\/index.php?rest_route=\/wp\/v2\/pages\/2","targetHints":{"allow":["GET"]}}],"collection":[{"href":"https:\/\/joshva.dk\/index.php?rest_route=\/wp\/v2\/pages"}],"about":[{"href":"https:\/\/joshva.dk\/index.php?rest_route=\/wp\/v2\/types\/page"}],"author":[{"embeddable":true,"href":"https:\/\/joshva.dk\/index.php?rest_route=\/wp\/v2\/users\/1"}],"replies":[{"embeddable":true,"href":"https:\/\/joshva.dk\/index.php?rest_route=%2Fwp%2Fv2%2Fcomments&post=2"}],"version-history":[{"count":27,"href":"https:\/\/joshva.dk\/index.php?rest_route=\/wp\/v2\/pages\/2\/revisions"}],"predecessor-version":[{"id":540,"href":"https:\/\/joshva.dk\/index.php?rest_route=\/wp\/v2\/pages\/2\/revisions\/540"}],"wp:attachment":[{"href":"https:\/\/joshva.dk\/index.php?rest_route=%2Fwp%2Fv2%2Fmedia&parent=2"}],"wp:term":[{"taxonomy":"folder","embeddable":true,"href":"https:\/\/joshva.dk\/index.php?rest_route=%2Fwp%2Fv2%2Ffolder&post=2"}],"curies":[{"name":"wp","href":"https:\/\/api.w.org\/{rel}","templated":true}]}}